{"id":351,"date":"2018-12-19T00:31:17","date_gmt":"2018-12-18T23:31:17","guid":{"rendered":"http:\/\/unviolonavelo.com\/index.php\/hestia-front\/"},"modified":"2019-03-31T15:44:31","modified_gmt":"2019-03-31T13:44:31","slug":"hestia-front","status":"publish","type":"page","link":"https:\/\/unviolonavelo.com\/","title":{"rendered":"Front Page"},"content":{"rendered":"\r\n<p><span style=\"color: #ffffff;\">Apr\u00e8s des ann\u00e9es \u00e0 m\u00fbrir dans mon esprit, de longues semaines de pr\u00e9paration et le soutien pr\u00e9cieux de pas mal de personnes, mon r\u00eave de tour du monde \u00e9cologique voit enfin le jour.<\/span><br \/><span style=\"color: #ffffff;\">C\u2019est donc sur mon v\u00e9lo que je vais arpenter les routes de notre belle plan\u00e8te et \u00e0 bords de voiliers que je traverserai les oc\u00e9ans. Mon fid\u00e8le violon sera aussi de la partie, parce que la musique est un langage universel et r\u00e9chauffe les coeurs.<\/span><\/p>\r\n<p><span style=\"color: #ffffff;\">\r\n\r\n<\/span><\/p>\r\n<p><span style=\"color: #ffffff;\">En route pour de nouvelles aventures !<\/span><\/p>\r\n","protected":false},"excerpt":{"rendered":"<p>Apr\u00e8s des ann\u00e9es \u00e0 m\u00fbrir dans mon esprit, de longues semaines de pr\u00e9paration et le soutien pr\u00e9cieux de pas mal de personnes, mon r\u00eave de tour du monde \u00e9cologique voit enfin le jour.C\u2019est donc sur mon v\u00e9lo que je vais arpenter les routes de notre belle plan\u00e8te et \u00e0 bords<a class=\"moretag\" href=\"https:\/\/unviolonavelo.com\/\"> Lire la suite<\/a><\/p>\n","protected":false},"author":1,"featured_media":212,"parent":0,"menu_order":0,"comment_status":"closed","ping_status":"closed","template":"","meta":{"footnotes":""},"_links":{"self":[{"href":"https:\/\/unviolonavelo.com\/index.php?rest_route=\/wp\/v2\/pages\/351"}],"collection":[{"href":"https:\/\/unviolonavelo.com\/index.php?rest_route=\/wp\/v2\/pages"}],"about":[{"href":"https:\/\/unviolonavelo.com\/index.php?rest_route=\/wp\/v2\/types\/page"}],"author":[{"embeddable":true,"href":"https:\/\/unviolonavelo.com\/index.php?rest_route=\/wp\/v2\/users\/1"}],"replies":[{"embeddable":true,"href":"https:\/\/unviolonavelo.com\/index.php?rest_route=%2Fwp%2Fv2%2Fcomments&post=351"}],"version-history":[{"count":3,"href":"https:\/\/unviolonavelo.com\/index.php?rest_route=\/wp\/v2\/pages\/351\/revisions"}],"predecessor-version":[{"id":489,"href":"https:\/\/unviolonavelo.com\/index.php?rest_route=\/wp\/v2\/pages\/351\/revisions\/489"}],"wp:featuredmedia":[{"embeddable":true,"href":"https:\/\/unviolonavelo.com\/index.php?rest_route=\/wp\/v2\/media\/212"}],"wp:attachment":[{"href":"https:\/\/unviolonavelo.com\/index.php?rest_route=%2Fwp%2Fv2%2Fmedia&parent=351"}],"curies":[{"name":"wp","href":"https:\/\/api.w.org\/{rel}","templated":true}]}}