{"id":8,"date":"2018-09-18T15:30:36","date_gmt":"2018-09-18T14:30:36","guid":{"rendered":"https:\/\/unviolonavelo.wordpress.com\/?page_id=2"},"modified":"2019-03-31T15:41:33","modified_gmt":"2019-03-31T13:41:33","slug":"a-propos","status":"publish","type":"page","link":"https:\/\/unviolonavelo.com\/?page_id=8","title":{"rendered":"\u00c0 propos"},"content":{"rendered":"<p style=\"text-align: justify;\"><span style=\"color: #000000;\">Ce projet de tour du monde a \u00e9volu\u00e9 ces derni\u00e8res ann\u00e9es, au fil des rencontres et des exp\u00e9riences de vie. Au d\u00e9part, j&#8217;envisageais un voyage au long cours en stop, sans forc\u00e9ment parler de tour du monde.<\/span><\/p>\n<p style=\"text-align: justify;\"><span style=\"color: #000000;\">Puis ce projet a germ\u00e9 dans mon esprit. J&#8217;aime voyager, d\u00e9couvrir de nouveaux horizons et aller \u00e0 la rencontre des gens. Mais cela implique une pollution par \u00e9mission de gaz \u00e0 effets de serre en prenant l&#8217;avion, en roulant en voiture etc. Une solution s&#8217;imposait donc : voyager \u00e0 v\u00e9lo et en voilier pour utiliser des \u00e9nergies propres que sont le vent et mes muscles. Cela impliquait aussi de ne pas faire d&#8217;aller-retours. Ainsi, mon voyage prendra fin si j&#8217;en ai marre ou quand j&#8217;aurai fait le tour de la Terre.<\/span><\/p>\n<p style=\"text-align: justify;\"><span style=\"color: #000000;\">Le choix du v\u00e9lo est assez r\u00e9cent et s&#8217;est impos\u00e9 apr\u00e8s avoir test\u00e9 ce mode de voyage pour aller en Corse. J&#8217;ai \u00e9t\u00e9 conquise par la libert\u00e9 et l&#8217;ind\u00e9pendance que m&#8217;offre le v\u00e9lo par rapport au stop. Je m&#8217;arr\u00eate o\u00f9 et quand je veux et surtout, je vais moins vite qu&#8217;en v\u00e9hicule motoris\u00e9 ce qui me permet d&#8217;appr\u00e9cier les paysages, mais plus vite qu&#8217;\u00e0 pied !<\/span><\/p>\n<p style=\"text-align: justify;\"><span style=\"color: #000000;\">Quant au voilier&#8230; j&#8217;esp\u00e8re que la petite exp\u00e9rience de navigation que j&#8217;ai d\u00e9j\u00e0 m&#8217;aidera \u00e0 me faire embarquer pour traverser les oc\u00e9ans. Je serais triste de devoir renoncer au sentiment de libert\u00e9 absolue que j&#8217;\u00e9prouve en mer.<\/span><\/p>\n<p><span style=\"color: #000000;\">D\u00e8s le d\u00e9part, la question d&#8217;emporter mon violon avec moi s&#8217;est pos\u00e9e. Est-ce envisageable compte tenu du chargement d\u00e9j\u00e0 cons\u00e9quent qu&#8217;implique une autonomie \u00e0 v\u00e9lo ? Finalement, au regard de tout ce que peut m&#8217;apporter la musique dans mon voyage, j&#8217;ai d\u00e9cid\u00e9 qu&#8217;il ferait partie de l&#8217;aventure. Je lui ai m\u00eame confectionn\u00e9 un \u00e9tui plus compact et solide que celui que je poss\u00e9dais et je souhaite qu&#8217;il vibre au fil des rencontres.<\/span><br \/>\n<span style=\"color: #000000;\">\u00a0<\/span><\/p>\n","protected":false},"excerpt":{"rendered":"<p>Ce projet de tour du monde a \u00e9volu\u00e9 ces derni\u00e8res ann\u00e9es, au fil des rencontres et des exp\u00e9riences de vie. Au d\u00e9part, j&#8217;envisageais un voyage au long cours en stop, sans forc\u00e9ment parler de tour du monde. Puis ce projet a germ\u00e9 dans mon esprit. J&#8217;aime voyager, d\u00e9couvrir de nouveaux<a class=\"moretag\" href=\"https:\/\/unviolonavelo.com\/?page_id=8\"> Lire la suite<\/a><\/p>\n","protected":false},"author":1,"featured_media":0,"parent":0,"menu_order":1,"comment_status":"closed","ping_status":"closed","template":"","meta":{"footnotes":""},"_links":{"self":[{"href":"https:\/\/unviolonavelo.com\/index.php?rest_route=\/wp\/v2\/pages\/8"}],"collection":[{"href":"https:\/\/unviolonavelo.com\/index.php?rest_route=\/wp\/v2\/pages"}],"about":[{"href":"https:\/\/unviolonavelo.com\/index.php?rest_route=\/wp\/v2\/types\/page"}],"author":[{"embeddable":true,"href":"https:\/\/unviolonavelo.com\/index.php?rest_route=\/wp\/v2\/users\/1"}],"replies":[{"embeddable":true,"href":"https:\/\/unviolonavelo.com\/index.php?rest_route=%2Fwp%2Fv2%2Fcomments&post=8"}],"version-history":[{"count":2,"href":"https:\/\/unviolonavelo.com\/index.php?rest_route=\/wp\/v2\/pages\/8\/revisions"}],"predecessor-version":[{"id":488,"href":"https:\/\/unviolonavelo.com\/index.php?rest_route=\/wp\/v2\/pages\/8\/revisions\/488"}],"wp:attachment":[{"href":"https:\/\/unviolonavelo.com\/index.php?rest_route=%2Fwp%2Fv2%2Fmedia&parent=8"}],"curies":[{"name":"wp","href":"https:\/\/api.w.org\/{rel}","templated":true}]}}